{"id":8951,"date":"2020-10-03T14:06:40","date_gmt":"2020-10-03T12:06:40","guid":{"rendered":"https:\/\/flipbelt.ch\/?post_type=product&#038;p=8951"},"modified":"2026-02-15T15:45:16","modified_gmt":"2026-02-15T14:45:16","slug":"lacets-elastiques","status":"publish","type":"product","link":"https:\/\/flipbelt.ch\/fr\/produkt\/lacets-elastiques\/","title":{"rendered":"Lacets \u00e9lastiques"},"content":{"rendered":"<h3>Lacets \u00e9lastiques \/ syst\u00e9me de la\u00e7age san noued<\/h3>\n<p>Nouveau syst\u00e8me de lacets \u00e9lastiques, qui allie la particularit\u00e9 de lacets \u00e9lastiques \u00e0 un proc\u00e9d\u00e9 de serrage. Les lacets \u00e9lastiques <strong>iRun<\/strong> se portent avec tout type de <strong>chaussures de sport pour une utilisation athl\u00e9tique ou de loisirs.<\/strong><\/p>\n<ul class=\"a-unordered-list a-vertical a-spacing-mini\">\n<li><span class=\"a-list-item\"><em><strong>SYST\u00c8ME DE LA\u00c7AGE SANS N\u0152UD<\/strong><\/em> : Transformez n&rsquo;importe quelle paire de chaussures sport \u00e0 lacets en chaussures \u00e0 enfiler sans la\u00e7age. <strong>iRun<\/strong> est le premium lacet de chaussures sans la\u00e7age.<\/span><\/li>\n<li><span class=\"a-list-item\"><em><strong>CONFORT PARFAIT GR\u00c2CE \u00c0 L\u2019\u00c9LASTIQUE<\/strong> :<\/em> Nos lacets \u00e9lastiques s&rsquo;adaptent et s\u2019ajustent parfaitement \u00e0 vos pieds. La compression homog\u00e8ne exerc\u00e9e r\u00e9duit les points de pression afin de vous apporter un confort maximal au niveau des pieds tout au long de la journ\u00e9e, ce qui vous permet de r\u00e9aliser vos meilleures performances !<\/span><\/li>\n<li><span class=\"a-list-item\"><em><strong>ID\u00c9AL POUR TOUS<\/strong> :<\/em> <strong>iRun<\/strong> lacets \u00e9lastiques est particuli\u00e8rement adapt\u00e9 pour les<strong> personnes \u00e2g\u00e9es souffrant<\/strong> <strong>d&rsquo;arthrite ou ayant une mobilit\u00e9 r\u00e9duite, les enfants autistes, les sportifs, les coureurs qui cherchent \u00e0 am\u00e9liorer leurs temps de transition lors d\u2019un triathlon et pour les utilisateurs occasionnels<\/strong><\/span><\/li>\n<li><span class=\"a-list-item\"><em><strong>FACILE \u00c0 INSTALLER<\/strong> :<\/em> Taille unique (enfant, homme et femme), rapide \u00e0 installer et facile \u00e0 utiliser. Chaque paire permet de lacer 1 paire de chaussures.<\/span><\/li>\n<li><span class=\"a-list-item\"><em><strong>SATISFACTION GARANTIE \u00c0 100% :<\/strong><\/em> Les <strong>lacets iRun<\/strong> sont garantis pour durer le m\u00eame temps qu\u2019une paire de chaussures de tennis \u00e0 lacets. Nous sommes s\u00fbrs qu\u2019une fois que vous les aurez mis en place vous abandonnerez vos lacets traditionnels<\/span><\/li>\n<\/ul>\n","protected":false},"excerpt":{"rendered":"<h3><\/h3>\n<h3><a href=\"https:\/\/flipbelt.ch\/wp-content\/uploads\/2020\/10\/Save.jpg\"><img loading=\"lazy\" decoding=\"async\" class=\"alignnone size-medium wp-image-8906\" src=\"https:\/\/flipbelt.ch\/wp-content\/uploads\/2020\/10\/Save-300x193.jpg\" alt=\"\" width=\"300\" height=\"193\" srcset=\"https:\/\/flipbelt.ch\/wp-content\/uploads\/2020\/10\/Save-300x193.jpg 300w, https:\/\/flipbelt.ch\/wp-content\/uploads\/2020\/10\/Save-600x386.jpg 600w, https:\/\/flipbelt.ch\/wp-content\/uploads\/2020\/10\/Save.jpg 743w\" sizes=\"auto, (max-width: 300px) 100vw, 300px\" \/><\/a><\/h3>\n<h3>Lacets \u00e9lastiques \/ syst\u00e9me de la\u00e7age san noued<\/h3>\n<h4>Plus besoin de nouer vos chassures!<\/h4>\n<p>Convient aux chassures de sport et loisirs.<\/p>\n<p><strong>Couleurs:<\/strong> blanc\/rose\/noir\/bleu royal\/rouge\/vert n\u00e9on\/jaune neon<\/p>\n<p><strong>Contient:<\/strong><br \/>\n2x lacets \u00e9lastiques (1.0 longueur) couleur de votre choix<br \/>\n2x syst\u00e8mes de serrage<\/p>\n<p><strong>Materiau:<\/strong><br \/>\nPolyester<br \/>\nDiam\u00e8tre: 2.8mm<\/p>\n<h4><span style=\"color: #ff0000;\">Frais d&rsquo;exp\u00e9dition Fr. 3.95<\/span><\/h4>\n","protected":false},"featured_media":8876,"comment_status":"closed","ping_status":"closed","template":"","meta":[],"product_brand":[],"product_cat":[193],"product_tag":[551,627],"class_list":{"0":"post-8951","1":"product","2":"type-product","3":"status-publish","4":"has-post-thumbnail","6":"product_cat-accessoires-de-course-a-pied","7":"product_tag-course-a-pied","8":"product_tag-running-fr","9":"entry","10":"has-media","12":"first","13":"instock","14":"taxable","15":"shipping-taxable","16":"purchasable","17":"product-type-variable"},"jetpack_sharing_enabled":true,"_links":{"self":[{"href":"https:\/\/flipbelt.ch\/fr\/wp-json\/wp\/v2\/product\/8951","targetHints":{"allow":["GET"]}}],"collection":[{"href":"https:\/\/flipbelt.ch\/fr\/wp-json\/wp\/v2\/product"}],"about":[{"href":"https:\/\/flipbelt.ch\/fr\/wp-json\/wp\/v2\/types\/product"}],"replies":[{"embeddable":true,"href":"https:\/\/flipbelt.ch\/fr\/wp-json\/wp\/v2\/comments?post=8951"}],"wp:featuredmedia":[{"embeddable":true,"href":"https:\/\/flipbelt.ch\/fr\/wp-json\/wp\/v2\/media\/8876"}],"wp:attachment":[{"href":"https:\/\/flipbelt.ch\/fr\/wp-json\/wp\/v2\/media?parent=8951"}],"wp:term":[{"taxonomy":"product_brand","embeddable":true,"href":"https:\/\/flipbelt.ch\/fr\/wp-json\/wp\/v2\/product_brand?post=8951"},{"taxonomy":"product_cat","embeddable":true,"href":"https:\/\/flipbelt.ch\/fr\/wp-json\/wp\/v2\/product_cat?post=8951"},{"taxonomy":"product_tag","embeddable":true,"href":"https:\/\/flipbelt.ch\/fr\/wp-json\/wp\/v2\/product_tag?post=8951"}],"curies":[{"name":"wp","href":"https:\/\/api.w.org\/{rel}","templated":true}]}}