{"id":6940,"date":"2019-10-29T10:52:54","date_gmt":"2019-10-29T09:52:54","guid":{"rendered":"https:\/\/flipbelt.ch\/?post_type=product&#038;p=6940"},"modified":"2026-01-27T11:09:54","modified_gmt":"2026-01-27T10:09:54","slug":"lampe-de-course-a-pied","status":"publish","type":"product","link":"https:\/\/flipbelt.ch\/fr\/produkt\/lampe-de-course-a-pied\/","title":{"rendered":"LED lampe de course a pied"},"content":{"rendered":"<h3>Restez visible &#8211; restez en s\u00e9curit\u00e9<\/h3>\n<p>Fid\u00e8les \u00e0 l\u2019expression \u00abil n\u2019y a pas de mauvais temps, seulement de mauvais v\u00eatements\u00bb, nombreux sont les coureurs \u00e0 ne pas vouloir renoncer \u00e0 leur jogging en hiver. La nuit tombant rapidement, le fait d\u2019\u00eatre vu et de bien voir est essentiel lorsqu\u2019on court. Il s\u2019agit de choisir son \u00e9quipement en fonction du parcours. Pour courir en ville, des r\u00e9flecteurs ou des v\u00eatements de course r\u00e9fl\u00e9chissants sont indispensables afin que vous soyez aper\u00e7u \u00e0 temps par les automobilistes et les cyclistes. Si vous pr\u00e9f\u00e9rez la for\u00eat, vous devriez \u00e9galement vous \u00e9quiper d\u2019une <strong>lampe frontale pour \u00e9clairer tous les obstacles<\/strong>. En \u00e9tant bien \u00e9quip\u00e9, vous contribuez grandement \u00e0 votre s\u00e9curit\u00e9 et vous assurez d\u2019\u00eatre constamment visible dans l\u2019obscurit\u00e9 pour les automobilistes, les cyclistes, les conducteurs de tram et de bus.<\/p>\n","protected":false},"excerpt":{"rendered":"<h3>Restez visible &#8211; restez en s\u00e9curit\u00e9<\/h3>\n<h4><b>Lampe LED de course a pied pour votre FlipBelt<\/b><\/h4>\n<p><b><\/b>Apportez de la lumi\u00e8re dans votre course! Illuminez votre course!<\/p>\n<div style=\"width: 980px;\" class=\"wp-video\"><video class=\"wp-video-shortcode\" id=\"video-6940-1\" width=\"980\" height=\"551\" preload=\"metadata\" controls=\"controls\"><source type=\"video\/mp4\" src=\"https:\/\/flipbelt.ch\/wp-content\/uploads\/2018\/08\/FlipBelt-Running-Light.mp4?_=1\" \/><a href=\"https:\/\/flipbelt.ch\/wp-content\/uploads\/2018\/08\/FlipBelt-Running-Light.mp4\">https:\/\/flipbelt.ch\/wp-content\/uploads\/2018\/08\/FlipBelt-Running-Light.mp4<\/a><\/video><\/div>\n<p>&nbsp;<\/p>\n<p><strong>D\u00e9tails du produit:<\/strong><br \/>\n<span style=\"color: #ff0000;\">LED Cree 800 lumens<\/span><br \/>\nBr\u00fblures entre 8h et 12h<br \/>\nIndice d&rsquo;\u00e9tanch\u00e9it\u00e9 IPX6<br \/>\nP\u00e8se 156gr<br \/>\nRechargeable via USB<br \/>\n3x plus lumineux que la plupart des concurrents<\/p>\n<p><strong>Caract\u00e9ristiques:<\/strong><br \/>\nBo\u00eetier en aluminium plaqu\u00e9<br \/>\nFaisceau grand angle<br \/>\nNe te presse pas. ne bascule pas<br \/>\nFabriqu\u00e9 exclusivement pour FlipBelt<br \/>\nPort\u00e9 \u00e0 la taille<br \/>\nModes d&rsquo;\u00e9clairage: High, Low et Flash<\/p>\n<h5><span style=\"color: #ff0000;\"><strong>La ceinture doit \u00eatre command\u00e9e s\u00e9par\u00e9ment<\/strong><\/span><\/h5>\n","protected":false},"featured_media":6102,"comment_status":"open","ping_status":"closed","template":"","meta":[],"product_brand":[],"product_cat":[193],"product_tag":[464,334],"class_list":{"0":"post-6940","1":"product","2":"type-product","3":"status-publish","4":"has-post-thumbnail","6":"product_cat-accessoires-de-course-a-pied","7":"product_tag-led","8":"product_tag-securite","9":"entry","10":"has-media","12":"first","13":"instock","14":"taxable","15":"shipping-taxable","16":"purchasable","17":"product-type-simple"},"jetpack_sharing_enabled":true,"_links":{"self":[{"href":"https:\/\/flipbelt.ch\/fr\/wp-json\/wp\/v2\/product\/6940","targetHints":{"allow":["GET"]}}],"collection":[{"href":"https:\/\/flipbelt.ch\/fr\/wp-json\/wp\/v2\/product"}],"about":[{"href":"https:\/\/flipbelt.ch\/fr\/wp-json\/wp\/v2\/types\/product"}],"replies":[{"embeddable":true,"href":"https:\/\/flipbelt.ch\/fr\/wp-json\/wp\/v2\/comments?post=6940"}],"wp:featuredmedia":[{"embeddable":true,"href":"https:\/\/flipbelt.ch\/fr\/wp-json\/wp\/v2\/media\/6102"}],"wp:attachment":[{"href":"https:\/\/flipbelt.ch\/fr\/wp-json\/wp\/v2\/media?parent=6940"}],"wp:term":[{"taxonomy":"product_brand","embeddable":true,"href":"https:\/\/flipbelt.ch\/fr\/wp-json\/wp\/v2\/product_brand?post=6940"},{"taxonomy":"product_cat","embeddable":true,"href":"https:\/\/flipbelt.ch\/fr\/wp-json\/wp\/v2\/product_cat?post=6940"},{"taxonomy":"product_tag","embeddable":true,"href":"https:\/\/flipbelt.ch\/fr\/wp-json\/wp\/v2\/product_tag?post=6940"}],"curies":[{"name":"wp","href":"https:\/\/api.w.org\/{rel}","templated":true}]}}