{"id":3592,"date":"2017-06-02T13:26:37","date_gmt":"2017-06-02T11:26:37","guid":{"rendered":"https:\/\/flipbelt.ch\/fr\/?post_type=product&#038;p=3592"},"modified":"2024-11-17T10:01:48","modified_gmt":"2024-11-17T09:01:48","slug":"flipbelt-portefeuille","status":"publish","type":"product","link":"https:\/\/flipbelt.ch\/fr\/produkt\/flipbelt-portefeuille\/","title":{"rendered":"Portefeuille"},"content":{"rendered":"<h3><strong>Un portefeuille con\u00e7u sp\u00e9cifiquement pour FlipBelt<\/strong><\/h3>\n<p>Le portefeuille zipp\u00e9 de FlipBelt permet de ranger facilement les billets, les cartes, les pi\u00e8ces et tout ce que vous souhaitez mettre dans un portefeuille. Il dispose d\u2019un anneau en D int\u00e9gr\u00e9 afin de pouvoir l\u2019adapter \u00e0 n\u2019importe quel FlipBelt avec le crochet int\u00e9gr\u00e9.<\/p>\n<p><strong>Caract\u00e9ristiques :<\/strong><\/p>\n<ul>\n<li>Mat\u00e9riau en nylon Ripstop<\/li>\n<li>Fermeture \u00e9clair s\u00e9curis\u00e9e<\/li>\n<li>Anneau en D pour attacher \u00e0 un crochet<\/li>\n<li>Poids l\u00e9ger de 8,5 g<\/li>\n<\/ul>\n","protected":false},"excerpt":{"rendered":"<p><strong>Un portefeuille con\u00e7u sp\u00e9cifiquement pour FlipBelt.<\/strong><\/p>\n<p><strong>Le portefeuille zipp\u00e9 de FlipBelt<\/strong> permet de ranger facilement les billets, les cartes, les pi\u00e8ces et tout ce que vous souhaitez mettre dans un portefeuille. Il dispose d\u2019un anneau en D int\u00e9gr\u00e9 afin de pouvoir l\u2019adapter \u00e0 n\u2019importe quel FlipBelt avec le crochet int\u00e9gr\u00e9.<\/p>\n<p><strong>Caract\u00e9ristiques :<\/strong><\/p>\n<ul>\n<li>Mat\u00e9riau en nylon Ripstop<\/li>\n<li>Fermeture \u00e9clair s\u00e9curis\u00e9e<\/li>\n<li>Anneau en D pour attacher \u00e0 un crochet<\/li>\n<li>Poids l\u00e9ger de 8,5 g<\/li>\n<li>Grandeur: 8x11cm<\/li>\n<\/ul>\n","protected":false},"featured_media":7242,"comment_status":"closed","ping_status":"closed","template":"","meta":[],"product_brand":[],"product_cat":[193],"product_tag":[528,509,527],"class_list":{"0":"post-3592","1":"product","2":"type-product","3":"status-publish","4":"has-post-thumbnail","6":"product_cat-accessoires-de-course-a-pied","7":"product_tag-flipbelt-accessoires","8":"product_tag-portemonnaie-fr","9":"product_tag-wallet","10":"entry","11":"has-media","13":"first","14":"instock","15":"taxable","16":"shipping-taxable","17":"purchasable","18":"product-type-simple"},"jetpack_sharing_enabled":true,"_links":{"self":[{"href":"https:\/\/flipbelt.ch\/fr\/wp-json\/wp\/v2\/product\/3592","targetHints":{"allow":["GET"]}}],"collection":[{"href":"https:\/\/flipbelt.ch\/fr\/wp-json\/wp\/v2\/product"}],"about":[{"href":"https:\/\/flipbelt.ch\/fr\/wp-json\/wp\/v2\/types\/product"}],"replies":[{"embeddable":true,"href":"https:\/\/flipbelt.ch\/fr\/wp-json\/wp\/v2\/comments?post=3592"}],"wp:featuredmedia":[{"embeddable":true,"href":"https:\/\/flipbelt.ch\/fr\/wp-json\/wp\/v2\/media\/7242"}],"wp:attachment":[{"href":"https:\/\/flipbelt.ch\/fr\/wp-json\/wp\/v2\/media?parent=3592"}],"wp:term":[{"taxonomy":"product_brand","embeddable":true,"href":"https:\/\/flipbelt.ch\/fr\/wp-json\/wp\/v2\/product_brand?post=3592"},{"taxonomy":"product_cat","embeddable":true,"href":"https:\/\/flipbelt.ch\/fr\/wp-json\/wp\/v2\/product_cat?post=3592"},{"taxonomy":"product_tag","embeddable":true,"href":"https:\/\/flipbelt.ch\/fr\/wp-json\/wp\/v2\/product_tag?post=3592"}],"curies":[{"name":"wp","href":"https:\/\/api.w.org\/{rel}","templated":true}]}}