{"id":2235,"date":"2015-07-02T11:02:28","date_gmt":"2015-07-02T09:02:28","guid":{"rendered":"http:\/\/flipbelt.dev2.webkoenig.ch\/fr\/store\/"},"modified":"2026-02-26T17:00:47","modified_gmt":"2026-02-26T16:00:47","slug":"store","status":"publish","type":"page","link":"https:\/\/flipbelt.ch\/fr\/store\/","title":{"rendered":"Boutique"},"content":{"rendered":"<div class=\"wpb-content-wrapper\">[vc_row][vc_column][vc_single_image image=\u00a0\u00bb2265&Prime;][vc_row_inner][vc_column_inner][\/vc_column_inner][\/vc_row_inner]<div class=\"woocommerce columns-4\">\n\t<ul class=\"products wpex-grid wpex-grid-cols-4 wpex-tp-grid-cols-2 wpex-pp-grid-cols-1 wpex-gap-20 wpex-clear\">\n\n<li class=\"product-category product first\">\n\t<a aria-label=\"Acc\u00e9der \u00e0 la cat\u00e9gorie de produits Classic \u00e9ditions\" href=\"https:\/\/flipbelt.ch\/fr\/categorie-produit\/classic-editions\/\"><img width=\"649\" height=\"256\" src=\"https:\/\/flipbelt.ch\/wp-content\/uploads\/2024\/12\/FlipBelt_Classic_Banner_Kategorie.png\" class=\"attachment-full size-full\" alt=\"Classic \u00e9ditions\" loading=\"lazy\" decoding=\"async\" srcset=\"https:\/\/flipbelt.ch\/wp-content\/uploads\/2024\/12\/FlipBelt_Classic_Banner_Kategorie.png 649w, https:\/\/flipbelt.ch\/wp-content\/uploads\/2024\/12\/FlipBelt_Classic_Banner_Kategorie-300x118.png 300w, https:\/\/flipbelt.ch\/wp-content\/uploads\/2024\/12\/FlipBelt_Classic_Banner_Kategorie-600x237.png 600w\" sizes=\"auto, (max-width: 649px) 100vw, 649px\" \/>\t\t<h2 class=\"woocommerce-loop-category__title\">\n\t\t\tClassic \u00e9ditions <mark class=\"count\">(3)<\/mark>\t\t<\/h2>\n\t\t<\/a><\/li>\n<li class=\"product-category product\">\n\t<a aria-label=\"Acc\u00e9der \u00e0 la cat\u00e9gorie de produits Accessoires de course \u00e0 pied\" href=\"https:\/\/flipbelt.ch\/fr\/categorie-produit\/accessoires-de-course-a-pied\/\"><img width=\"1069\" height=\"258\" src=\"https:\/\/flipbelt.ch\/wp-content\/uploads\/2025\/01\/2024-12-06_15-29-58.png\" class=\"attachment-full size-full\" alt=\"Accessoires de course \u00e0 pied\" loading=\"lazy\" decoding=\"async\" srcset=\"https:\/\/flipbelt.ch\/wp-content\/uploads\/2025\/01\/2024-12-06_15-29-58.png 1069w, https:\/\/flipbelt.ch\/wp-content\/uploads\/2025\/01\/2024-12-06_15-29-58-300x72.png 300w, https:\/\/flipbelt.ch\/wp-content\/uploads\/2025\/01\/2024-12-06_15-29-58-1024x247.png 1024w, https:\/\/flipbelt.ch\/wp-content\/uploads\/2025\/01\/2024-12-06_15-29-58-768x185.png 768w, https:\/\/flipbelt.ch\/wp-content\/uploads\/2025\/01\/2024-12-06_15-29-58-600x145.png 600w\" sizes=\"auto, (max-width: 1069px) 100vw, 1069px\" \/>\t\t<h2 class=\"woocommerce-loop-category__title\">\n\t\t\tAccessoires de course \u00e0 pied <mark class=\"count\">(6)<\/mark>\t\t<\/h2>\n\t\t<\/a><\/li>\n<li class=\"product-category product\">\n\t<a aria-label=\"Acc\u00e9der \u00e0 la cat\u00e9gorie de produits Zipper \u00e9ditions\" href=\"https:\/\/flipbelt.ch\/fr\/categorie-produit\/zipper-editions\/\"><img width=\"648\" height=\"257\" src=\"https:\/\/flipbelt.ch\/wp-content\/uploads\/2024\/12\/FlipBelt_Zipper_Banner_Kategorie.png\" class=\"attachment-full size-full\" alt=\"Zipper \u00e9ditions\" loading=\"lazy\" decoding=\"async\" srcset=\"https:\/\/flipbelt.ch\/wp-content\/uploads\/2024\/12\/FlipBelt_Zipper_Banner_Kategorie.png 648w, https:\/\/flipbelt.ch\/wp-content\/uploads\/2024\/12\/FlipBelt_Zipper_Banner_Kategorie-300x119.png 300w, https:\/\/flipbelt.ch\/wp-content\/uploads\/2024\/12\/FlipBelt_Zipper_Banner_Kategorie-600x238.png 600w\" sizes=\"auto, (max-width: 648px) 100vw, 648px\" \/>\t\t<h2 class=\"woocommerce-loop-category__title\">\n\t\t\tZipper \u00e9ditions <mark class=\"count\">(2)<\/mark>\t\t<\/h2>\n\t\t<\/a><\/li>\n<li class=\"product-category product last\">\n\t<a aria-label=\"Acc\u00e9der \u00e0 la cat\u00e9gorie de produits Pack de d\u00e9marrage\" href=\"https:\/\/flipbelt.ch\/fr\/categorie-produit\/pack-de-demarrage\/\"><img width=\"442\" height=\"280\" src=\"https:\/\/flipbelt.ch\/wp-content\/uploads\/2021\/12\/Starter_Classic_BLK.png\" class=\"attachment-full size-full\" alt=\"Pack de d\u00e9marrage\" loading=\"lazy\" decoding=\"async\" srcset=\"https:\/\/flipbelt.ch\/wp-content\/uploads\/2021\/12\/Starter_Classic_BLK.png 442w, https:\/\/flipbelt.ch\/wp-content\/uploads\/2021\/12\/Starter_Classic_BLK-300x190.png 300w\" sizes=\"auto, (max-width: 442px) 100vw, 442px\" \/>\t\t<h2 class=\"woocommerce-loop-category__title\">\n\t\t\tPack de d\u00e9marrage <mark class=\"count\">(2)<\/mark>\t\t<\/h2>\n\t\t<\/a><\/li>\n<li class=\"product-category product first\">\n\t<a aria-label=\"Acc\u00e9der \u00e0 la cat\u00e9gorie de produits R\u00e9glable \u00e9ditions\" href=\"https:\/\/flipbelt.ch\/fr\/categorie-produit\/reglable-editions\/\"><img width=\"829\" height=\"568\" src=\"https:\/\/flipbelt.ch\/wp-content\/uploads\/2021\/03\/Adjustabel_Belt.png\" class=\"attachment-full size-full\" alt=\"R\u00e9glable \u00e9ditions\" loading=\"lazy\" decoding=\"async\" srcset=\"https:\/\/flipbelt.ch\/wp-content\/uploads\/2021\/03\/Adjustabel_Belt.png 829w, https:\/\/flipbelt.ch\/wp-content\/uploads\/2021\/03\/Adjustabel_Belt-300x206.png 300w, https:\/\/flipbelt.ch\/wp-content\/uploads\/2021\/03\/Adjustabel_Belt-768x526.png 768w, https:\/\/flipbelt.ch\/wp-content\/uploads\/2021\/03\/Adjustabel_Belt-600x411.png 600w\" sizes=\"auto, (max-width: 829px) 100vw, 829px\" \/>\t\t<h2 class=\"woocommerce-loop-category__title\">\n\t\t\tR\u00e9glable \u00e9ditions <mark class=\"count\">(2)<\/mark>\t\t<\/h2>\n\t\t<\/a><\/li>\n<li class=\"product-category product\">\n\t<a aria-label=\"Acc\u00e9der \u00e0 la cat\u00e9gorie de produits Elite \u00e9dition\" href=\"https:\/\/flipbelt.ch\/fr\/categorie-produit\/elite-edtion\/\"><img width=\"642\" height=\"297\" src=\"https:\/\/flipbelt.ch\/wp-content\/uploads\/2023\/05\/FlipBelt-Elite.png\" class=\"attachment-full size-full\" alt=\"Elite \u00e9dition\" loading=\"lazy\" decoding=\"async\" srcset=\"https:\/\/flipbelt.ch\/wp-content\/uploads\/2023\/05\/FlipBelt-Elite.png 642w, https:\/\/flipbelt.ch\/wp-content\/uploads\/2023\/05\/FlipBelt-Elite-300x139.png 300w, https:\/\/flipbelt.ch\/wp-content\/uploads\/2023\/05\/FlipBelt-Elite-600x278.png 600w\" sizes=\"auto, (max-width: 642px) 100vw, 642px\" \/>\t\t<h2 class=\"woocommerce-loop-category__title\">\n\t\t\tElite \u00e9dition <mark class=\"count\">(1)<\/mark>\t\t<\/h2>\n\t\t<\/a><\/li>\n<li class=\"product-category product\">\n\t<a aria-label=\"Acc\u00e9der \u00e0 la cat\u00e9gorie de produits Air \u00e9dition\" href=\"https:\/\/flipbelt.ch\/fr\/categorie-produit\/air-edition\/\"><img width=\"450\" height=\"220\" src=\"https:\/\/flipbelt.ch\/wp-content\/uploads\/2022\/10\/Air_BLK.png\" class=\"attachment-full size-full\" alt=\"Air \u00e9dition\" loading=\"lazy\" decoding=\"async\" srcset=\"https:\/\/flipbelt.ch\/wp-content\/uploads\/2022\/10\/Air_BLK.png 450w, https:\/\/flipbelt.ch\/wp-content\/uploads\/2022\/10\/Air_BLK-300x147.png 300w\" sizes=\"auto, (max-width: 450px) 100vw, 450px\" \/>\t\t<h2 class=\"woocommerce-loop-category__title\">\n\t\t\tAir \u00e9dition <mark class=\"count\">(1)<\/mark>\t\t<\/h2>\n\t\t<\/a><\/li>\n<\/ul>\n<\/div>[\/vc_column][\/vc_row][vc_row full_width=\u00a0\u00bbstretch_row\u00a0\u00bb bg_color=\u00a0\u00bb#000000&Prime; el_class=\u00a0\u00bbschwarz\u00a0\u00bb][vc_column][vc_row_inner][vc_column_inner width=\u00a0\u00bb1\/3&Prime;][vc_column_text css=\u00a0\u00bb\u00a0\u00bb]\n<h3>Commande et Livraison<\/h3>\n<h4>Commande<\/h4>\n<p>Les commandes qui arrivent dans notre syst\u00e8me les jours ouvrables avant <span style=\"font-size: 16px;\"><strong>17h00<\/strong><\/span> sont g\u00e9n\u00e9ralement remises le jour m\u00eame \u00e0 notre prestataire de services &#8211; la Poste Suisse.<br \/>\nD\u00e9lai de livraison : 1-2 jours ouvrables<\/p>\n<h4>Livraison<\/h4>\n<p>Frais d&rsquo;exp\u00e9dition de <span style=\"color: #ff0000; font-size: 21px;\">Chf. 3.95 <\/span>par envoi. D&rsquo;une valeur de l&rsquo;ordre de CHF 60 livraison est gratuite.<\/p>\n<p><strong>Exp\u00e9dition de retour<\/strong><\/p>\n<p style=\"text-align: left;\"><a href=\"https:\/\/flipbelt.ch\/fr\/retour\/\">conditions d\u00e9taill\u00e9es<\/a><\/p>\n<p>Par ailleurs nos modalit\u00e9s et conditions applicables (<a href=\"https:\/\/flipbelt.ch\/fr\/cgv\/\">CGV<\/a>)[\/vc_column_text][\/vc_column_inner][vc_column_inner width=\u00a0\u00bb1\/3&Prime;][vc_column_text]\n<h3>Commandes B2B \/ Vente au d\u00e9tail et Clubs en cours<\/h3>\n<p>Demandez \u00e0 des tarifs sp\u00e9ciaux !<br \/>\nT\u00e9l. +41 (0) 44 577 06 70<br \/>\ne-mail: info(at)flipbelt.ch[\/vc_column_text][vc_column_text]\n<h3>M\u00e9thodes de paiement<\/h3>\n<ul>\n<li><a href=\"http:\/\/www.paypal.com\/\">PayPal<\/a><\/li>\n<li>Mastercard et Visa<\/li>\n<li>Debit Card-<\/li>\n<li><a href=\"https:\/\/flipbelt.ch\/wp-content\/uploads\/2023\/08\/PostFinance-Pay-App.pdf_fr.pdf\">PostFinance Pay App<\/a><br \/>\n(PostFinance Card &amp;<br \/>\nPostFinance E-Finance)<\/li>\n<li>Transf\u00e9rer de l&rsquo;argent (virement) \u00a0<a href=\"http:\/\/savis-solution.ch\/impressum\/\">(Bank\/Post<\/a>)<\/li>\n<li><a href=\"https:\/\/www.twint.ch\/fr\/\">TWINT<\/a><\/li>\n<\/ul>\n[\/vc_column_text][vc_column_text][\/vc_column_text][\/vc_column_inner][vc_column_inner width=\u00a0\u00bb1\/3&Prime;][vc_column_text css=\u00a0\u00bb\u00a0\u00bb]\n<h3 style=\"text-align: center;\">Service client\u00e8le<\/h3>\n<p><a href=\"https:\/\/flipbelt.ch\/wp-content\/uploads\/2015\/12\/Costum_Service_1.jpg\"><img loading=\"lazy\" decoding=\"async\" class=\"size-full wp-image-1341 aligncenter\" src=\"https:\/\/flipbelt.ch\/wp-content\/uploads\/2015\/12\/Costum_Service_1.jpg\" alt=\"Costum_Service_1\" width=\"100\" height=\"81\" \/><\/a><\/p>\n<h4>Commande<\/h4>\n<p>Est que vous avez des questions concernant votre commande ? Vous voulez plus d&rsquo;informations sur notre produit\u00a0?<\/p>\n<p>Lundi au vendredi<br \/>\nentre 09\u00a0:00-17\u00a0:00<br \/>\nnous sommes accessible par<br \/>\nT\u00e9l\u00e9phone : +41 (0) 44\/577 06 70<br \/>\nMobile: +41 (0)79 439 07 03<br \/>\ne-mail : sales(at)flipbelt.ch<br \/>\nWhatsApp Business: +41(0) 44\/577 06 70<\/p>\n<p>&nbsp;<\/p>\n<h4><\/h4>\n<h3><\/h3>\n[\/vc_column_text][\/vc_column_inner][\/vc_row_inner][\/vc_column][\/vc_row]\n<\/div>","protected":false},"excerpt":{"rendered":"<p>[vc_row][vc_column][vc_single_image image=\u00a0\u00bb2265&Prime;][vc_row_inner][vc_column_inner][\/vc_column_inner][\/vc_row_inner][\/vc_column][\/vc_row][vc_row full_width=\u00a0\u00bbstretch_row\u00a0\u00bb bg_color=\u00a0\u00bb#000000&Prime; el_class=\u00a0\u00bbschwarz\u00a0\u00bb][vc_column][vc_row_inner][vc_column_inner width=\u00a0\u00bb1\/3&Prime;][vc_column_text css=\u00a0\u00bb\u00a0\u00bb] Commande et Livraison Commande Les commandes qui arrivent dans notre syst\u00e8me les jours ouvrables avant 17h00 sont g\u00e9n\u00e9ralement remises le jour m\u00eame \u00e0 notre prestataire de services &#8211; la Poste Suisse. D\u00e9lai de livraison : 1-2 jours ouvrables Livraison Frais d&rsquo;exp\u00e9dition de Chf. 3.95 par envoi. D&rsquo;une valeur&hellip;<\/p>\n","protected":false},"author":1,"featured_media":0,"parent":0,"menu_order":0,"comment_status":"closed","ping_status":"closed","template":"","meta":{"footnotes":""},"class_list":["post-2235","page","type-page","status-publish","hentry","entry","no-media"],"jetpack_sharing_enabled":true,"_links":{"self":[{"href":"https:\/\/flipbelt.ch\/fr\/wp-json\/wp\/v2\/pages\/2235","targetHints":{"allow":["GET"]}}],"collection":[{"href":"https:\/\/flipbelt.ch\/fr\/wp-json\/wp\/v2\/pages"}],"about":[{"href":"https:\/\/flipbelt.ch\/fr\/wp-json\/wp\/v2\/types\/page"}],"author":[{"embeddable":true,"href":"https:\/\/flipbelt.ch\/fr\/wp-json\/wp\/v2\/users\/1"}],"replies":[{"embeddable":true,"href":"https:\/\/flipbelt.ch\/fr\/wp-json\/wp\/v2\/comments?post=2235"}],"version-history":[{"count":34,"href":"https:\/\/flipbelt.ch\/fr\/wp-json\/wp\/v2\/pages\/2235\/revisions"}],"predecessor-version":[{"id":16187,"href":"https:\/\/flipbelt.ch\/fr\/wp-json\/wp\/v2\/pages\/2235\/revisions\/16187"}],"wp:attachment":[{"href":"https:\/\/flipbelt.ch\/fr\/wp-json\/wp\/v2\/media?parent=2235"}],"curies":[{"name":"wp","href":"https:\/\/api.w.org\/{rel}","templated":true}]}}