{"id":2217,"date":"2016-04-11T14:27:50","date_gmt":"2016-04-11T12:27:50","guid":{"rendered":"http:\/\/flipbelt.dev2.webkoenig.ch\/fr\/home-2\/"},"modified":"2026-02-26T10:30:30","modified_gmt":"2026-02-26T09:30:30","slug":"home-4","status":"publish","type":"page","link":"https:\/\/flipbelt.ch\/fr\/","title":{"rendered":"Home"},"content":{"rendered":"<div class=\"wpb-content-wrapper\">[vc_row full_width=\u00a0\u00bbstretch_row\u00a0\u00bb][vc_column width=\u00a0\u00bb1\/5&Prime;][vc_single_image image=\u00a0\u00bb2348&Prime; add_caption=\u00a0\u00bbyes\u00a0\u00bb alignment=\u00a0\u00bbcenter\u00a0\u00bb onclick=\u00a0\u00bbcustom_link\u00a0\u00bb css=\u00a0\u00bb\u00a0\u00bb link=\u00a0\u00bbhttps:\/\/flipbelt.ch\/fr\/categorie-produit\/classic-editions\/\u00a0\u00bb img_hover=\u00a0\u00bbgrow\u00a0\u00bb title=\u00a0\u00bbClassic \u00e9ditions\u00a0\u00bb][vc_btn title=\u00a0\u00bbAchetez maintenant!\u00a0\u00bb shape=\u00a0\u00bbsquare\u00a0\u00bb color=\u00a0\u00bbsuccess\u00a0\u00bb size=\u00a0\u00bbxs\u00a0\u00bb align=\u00a0\u00bbcenter\u00a0\u00bb i_icon_fontawesome=\u00a0\u00bbfa fa-solid fa-cart-shopping\u00a0\u00bb css=\u00a0\u00bb\u00a0\u00bb button_block=\u00a0\u00bbtrue\u00a0\u00bb add_icon=\u00a0\u00bbtrue\u00a0\u00bb link=\u00a0\u00bburl:https%3A%2F%2Fflipbelt.ch%2Ffr%2Fcategorie-produit-classic-editions|title:Classic%20editions\u00a0\u00bb][vc_column_text text_align=\u00a0\u00bbcenter\u00a0\u00bb][\/vc_column_text][vc_column_text text_align=\u00a0\u00bbcenter\u00a0\u00bb][\/vc_column_text][\/vc_column][vc_column width=\u00a0\u00bb1\/5&Prime;][vc_single_image image=\u00a0\u00bb9453&Prime; alignment=\u00a0\u00bbcenter\u00a0\u00bb onclick=\u00a0\u00bbcustom_link\u00a0\u00bb css=\u00a0\u00bb\u00a0\u00bb link=\u00a0\u00bbhttps:\/\/flipbelt.ch\/fr\/categorie-produit\/zipper-editions\/\u00a0\u00bb img_hover=\u00a0\u00bbgrow\u00a0\u00bb title=\u00a0\u00bbZipper \u00e9ditions\u00a0\u00bb][vc_btn title=\u00a0\u00bbAchetez maintenant!\u00a0\u00bb shape=\u00a0\u00bbsquare\u00a0\u00bb color=\u00a0\u00bbsuccess\u00a0\u00bb size=\u00a0\u00bbxs\u00a0\u00bb align=\u00a0\u00bbcenter\u00a0\u00bb i_icon_fontawesome=\u00a0\u00bb\u00a0\u00bb css=\u00a0\u00bb\u00a0\u00bb button_block=\u00a0\u00bbtrue\u00a0\u00bb add_icon=\u00a0\u00bbtrue\u00a0\u00bb link=\u00a0\u00bburl:https%3A%2F%2Fflipbelt.ch%2Ffr%2Fcategorie-produit%2Fzipper-editions\u00a0\u00bb][vc_column_text][\/vc_column_text][\/vc_column][vc_column width=\u00a0\u00bb1\/5&Prime;][vc_single_image image=\u00a0\u00bb11114&Prime; alignment=\u00a0\u00bbcenter\u00a0\u00bb onclick=\u00a0\u00bbcustom_link\u00a0\u00bb css=\u00a0\u00bb\u00a0\u00bb title=\u00a0\u00bbPack de d\u00e9marrage\u00a0\u00bb img_hover=\u00a0\u00bbgrow\u00a0\u00bb link=\u00a0\u00bbhttps:\/\/flipbelt.ch\/fr\/categorie-produit\/pack-de-demarrage\u00a0\u00bb][vc_btn title=\u00a0\u00bbAchetez mainentant!\u00a0\u00bb shape=\u00a0\u00bbsquare\u00a0\u00bb color=\u00a0\u00bbsuccess\u00a0\u00bb size=\u00a0\u00bbxs\u00a0\u00bb align=\u00a0\u00bbcenter\u00a0\u00bb i_icon_fontawesome=\u00a0\u00bbfa fa-solid fa-cart-shopping\u00a0\u00bb css=\u00a0\u00bb\u00a0\u00bb button_block=\u00a0\u00bbtrue\u00a0\u00bb add_icon=\u00a0\u00bbtrue\u00a0\u00bb link=\u00a0\u00bburl:https%3A%2F%2Fflipbelt.ch%2Ffr%2Fcategorie-produit%2Fpack-de-demarrage%2Ffr\u00a0\u00bb][\/vc_column][vc_column width=\u00a0\u00bb1\/5&Prime;][vc_single_image image=\u00a0\u00bb12240&Prime; alignment=\u00a0\u00bbcenter\u00a0\u00bb onclick=\u00a0\u00bbcustom_link\u00a0\u00bb css=\u00a0\u00bb\u00a0\u00bb link=\u00a0\u00bbhttps:\/\/flipbelt.ch\/fr\/produkt\/air-edition\/\u00a0\u00bb img_hover=\u00a0\u00bbgrow\u00a0\u00bb title=\u00a0\u00bbAir \u00e9dition\u00a0\u00bb][vc_btn title=\u00a0\u00bbAchetez maintenant!\u00a0\u00bb shape=\u00a0\u00bbsquare\u00a0\u00bb color=\u00a0\u00bbsuccess\u00a0\u00bb size=\u00a0\u00bbxs\u00a0\u00bb align=\u00a0\u00bbcenter\u00a0\u00bb i_icon_fontawesome=\u00a0\u00bbfa fa-solid fa-cart-arrow-down\u00a0\u00bb css=\u00a0\u00bb\u00a0\u00bb button_block=\u00a0\u00bbtrue\u00a0\u00bb add_icon=\u00a0\u00bbtrue\u00a0\u00bb link=\u00a0\u00bburl:https%3A%2F%2Fflipbelt.ch%2Ffr%2Fprodukt%2Fair-edition%2F\u00a0\u00bb][\/vc_column][vc_column width=\u00a0\u00bb1\/5&Prime;][vc_single_image image=\u00a0\u00bb9945&Prime; alignment=\u00a0\u00bbcenter\u00a0\u00bb onclick=\u00a0\u00bbcustom_link\u00a0\u00bb css=\u00a0\u00bb\u00a0\u00bb title=\u00a0\u00bbR\u00e9glable \u00e9ditions\u00a0\u00bb img_hover=\u00a0\u00bbgrow\u00a0\u00bb link=\u00a0\u00bbhttps:\/\/flipbelt.ch\/fr\/categorie-produit\/reglable-editions\u00a0\u00bb][vc_btn title=\u00a0\u00bbAchetez maintenant!\u00a0\u00bb shape=\u00a0\u00bbsquare\u00a0\u00bb color=\u00a0\u00bbsuccess\u00a0\u00bb size=\u00a0\u00bbxs\u00a0\u00bb align=\u00a0\u00bbcenter\u00a0\u00bb i_icon_fontawesome=\u00a0\u00bbfa fa-solid fa-cart-plus\u00a0\u00bb css=\u00a0\u00bb\u00a0\u00bb button_block=\u00a0\u00bbtrue\u00a0\u00bb add_icon=\u00a0\u00bbtrue\u00a0\u00bb link=\u00a0\u00bburl:https%3A%2F%2Fflipbelt.ch%2Ffr%2Fcategorie-produits%2Freglable-editions%2Ffr\u00a0\u00bb][vc_btn title=\u00a0\u00bb\u00a0\u00bb shape=\u00a0\u00bbsquare\u00a0\u00bb color=\u00a0\u00bbwhite\u00a0\u00bb size=\u00a0\u00bbxs\u00a0\u00bb align=\u00a0\u00bbcenter\u00a0\u00bb i_icon_fontawesome=\u00a0\u00bb\u00a0\u00bb css=\u00a0\u00bb\u00a0\u00bb add_icon=\u00a0\u00bbtrue\u00a0\u00bb][\/vc_column][\/vc_row][vc_row][vc_column][vc_row_inner][vc_column_inner width=\u00a0\u00bb1\/6&Prime;][vc_single_image image=\u00a0\u00bb13148&Prime; alignment=\u00a0\u00bbcenter\u00a0\u00bb onclick=\u00a0\u00bbcustom_link\u00a0\u00bb css=\u00a0\u00bb\u00a0\u00bb link=\u00a0\u00bbhttps:\/\/flipbelt.ch\/fr\/produkt\/elite-edition\/\u00a0\u00bb img_hover=\u00a0\u00bbgrow\u00a0\u00bb title=\u00a0\u00bbElite \u00e9dition\u00a0\u00bb][vc_btn title=\u00a0\u00bbAchetez maintenant!\u00a0\u00bb shape=\u00a0\u00bbsquare\u00a0\u00bb color=\u00a0\u00bbsuccess\u00a0\u00bb size=\u00a0\u00bbxs\u00a0\u00bb align=\u00a0\u00bbcenter\u00a0\u00bb i_icon_fontawesome=\u00a0\u00bbfa fa-solid fa-cart-shopping\u00a0\u00bb css=\u00a0\u00bb\u00a0\u00bb button_block=\u00a0\u00bbtrue\u00a0\u00bb add_icon=\u00a0\u00bbtrue\u00a0\u00bb link=\u00a0\u00bburl:https%3A%2F%2Fflipbelt.ch%2Ffr%2Fprodukt%2Felite-edition\u00a0\u00bb][\/vc_column_inner][vc_column_inner width=\u00a0\u00bb1\/6&Prime;][vc_single_image image=\u00a0\u00bb15009&Prime; alignment=\u00a0\u00bbcenter\u00a0\u00bb onclick=\u00a0\u00bbcustom_link\u00a0\u00bb css=\u00a0\u00bb\u00a0\u00bb title=\u00a0\u00bbAccessoires de course a pied\u00a0\u00bb link=\u00a0\u00bbhttps:\/\/flipbelt.ch\/fr\/categorie-produit\/accessoires-de-course-a-pied\u00a0\u00bb][vc_btn title=\u00a0\u00bbAchetez maintenant!\u00a0\u00bb shape=\u00a0\u00bbsquare\u00a0\u00bb color=\u00a0\u00bbsuccess\u00a0\u00bb size=\u00a0\u00bbxs\u00a0\u00bb align=\u00a0\u00bbcenter\u00a0\u00bb i_icon_fontawesome=\u00a0\u00bbfa fa-solid fa-cart-arrow-down\u00a0\u00bb css=\u00a0\u00bb\u00a0\u00bb button_block=\u00a0\u00bbtrue\u00a0\u00bb add_icon=\u00a0\u00bbtrue\u00a0\u00bb link=\u00a0\u00bburl:https%3A%2F%2Fflipbelt.ch%2Ffr%2Fcategorie-produit%2Faccessoires-de-course-a-pied\u00a0\u00bb][\/vc_column_inner][\/vc_row_inner][vc_row_inner][vc_column_inner width=\u00a0\u00bb1\/4&Prime;]<div class=\"vcex-module vcex-icon-box vcex-icon-box-one wpex-flex wpex-text-left\"><div class=\"vcex-icon-box-symbol vcex-icon-box-symbol--icon wpex-flex-shrink-0 wpex-mr-20\"><a href=\"https:\/\/flipbelt.ch\/fr\/store\/\" class=\"wpex-no-underline\" target=\"_blank\" rel=\"noopener noreferrer\"><div class=\"vcex-icon-box-icon wpex-items-center wpex-justify-center wpex-child-inherit-color wpex-text-center wpex-leading-none wpex-flex wpex-text-1\"><span class=\"wpex-flex wpex-icon--w fas fa-truck\" aria-hidden=\"true\"><\/span><\/div><\/a><\/div><div class=\"vcex-icon-box-text wpex-flex-grow\"><h2 class=\"vcex-icon-box-heading wpex-heading wpex-text-md wpex-mb-10\"><a href=\"https:\/\/flipbelt.ch\/fr\/store\/\" class=\"vcex-icon-box-link wpex-no-underline\" target=\"_blank\" rel=\"noopener noreferrer\">Exp\u00e9dition<\/a><\/h2><div class=\"vcex-icon-box-content wpex-last-mb-0 wpex-clr\"><p><a href=\"https:\/\/flipbelt.ch\/wp-content\/uploads\/2023\/09\/Logo-Swiss-Post.jpg\"><img decoding=\"async\" loading=\"lazy\" class=\"alignnone size-full wp-image-13623\" src=\"https:\/\/flipbelt.ch\/wp-content\/uploads\/2023\/09\/Logo-Swiss-Post.jpg\" alt=\"\" width=\"76\" height=\"50\" \/><\/a><\/p>\n<p>Frais d&rsquo;exp\u00e9dition et de livraison<br \/>\nForfait<br \/>\nFr. 3.95 \/ gratuit \u00e0 partir de Fr. 60.00<\/p>\n<\/div><\/div><\/div>[\/vc_column_inner][vc_column_inner width=\u00a0\u00bb1\/4&Prime;]<a class=\"vcex-module vcex-icon-box vcex-icon-box-one vcex-icon-box-has-link wpex-inherit-color wpex-no-underline wpex-flex wpex-text-left\" href=\"https:\/\/flipbelt.ch\/fr\/store\/\" target=\"_blank\" rel=\"noopener noreferrer\"><div class=\"vcex-icon-box-symbol vcex-icon-box-symbol--icon wpex-flex-shrink-0 wpex-mr-20\"><div class=\"vcex-icon-box-icon wpex-items-center wpex-justify-center wpex-child-inherit-color wpex-text-center wpex-leading-none wpex-flex wpex-text-1\"><span class=\"wpex-flex wpex-icon--w fas fa-shopping-bag\" aria-hidden=\"true\"><\/span><\/div><\/div><div class=\"vcex-icon-box-text wpex-flex-grow\"><h2 class=\"vcex-icon-box-heading wpex-heading wpex-text-md wpex-mb-10\">Orders<\/h2><div class=\"vcex-icon-box-content wpex-last-mb-0 wpex-clr\"><p>Command\u00e9 les jours ouvrables jusqu&rsquo;\u00e0 17h \/ Publi\u00e9 le jour m\u00eame<br \/>\nD\u00e9lai de livraison : 1-2 jours ouvrables \/<br \/>\nTous les produits habituellement disponibles.<\/p>\n<\/div><\/div><\/a>[\/vc_column_inner][vc_column_inner width=\u00a0\u00bb1\/4&Prime;]<a class=\"vcex-module vcex-icon-box vcex-icon-box-one vcex-icon-box-has-link wpex-inherit-color wpex-no-underline wpex-flex wpex-text-left\" href=\"https:\/\/flipbelt.ch\/fr\/store\/\" target=\"_blank\" rel=\"noopener noreferrer\"><div class=\"vcex-icon-box-symbol vcex-icon-box-symbol--icon wpex-flex-shrink-0 wpex-mr-20\"><div class=\"vcex-icon-box-icon wpex-items-center wpex-justify-center wpex-child-inherit-color wpex-text-center wpex-leading-none wpex-flex wpex-text-1\"><span class=\"wpex-flex wpex-icon--w far fa-credit-card\" aria-hidden=\"true\"><\/span><\/div><\/div><div class=\"vcex-icon-box-text wpex-flex-grow\"><h2 class=\"vcex-icon-box-heading wpex-heading wpex-text-md wpex-mb-10\">Modes de paiement<\/h2><div class=\"vcex-icon-box-content wpex-last-mb-0 wpex-clr\"><p>Cartes de cr\u00e9dit, cartes de d\u00e9bit, TWINT,<br \/>\nPayPal,<br \/>\nApplication PostFinance Pay<br \/>\n(Carte PostFinance\/<br \/>\nPostFinance e-finance)<br \/>\nVirement bancaire<\/p>\n<\/div><\/div><\/a>[\/vc_column_inner][vc_column_inner width=\u00a0\u00bb1\/4&Prime;][vc_column_text][\/vc_column_text]<div class=\"vcex-module vcex-icon-box vcex-icon-box-one wpex-flex wpex-text-left\"><div class=\"vcex-icon-box-symbol vcex-icon-box-symbol--icon wpex-flex-shrink-0 wpex-mr-20\"><div class=\"vcex-icon-box-icon wpex-items-center wpex-justify-center wpex-child-inherit-color wpex-text-center wpex-leading-none wpex-flex wpex-text-1\"><span class=\"wpex-flex wpex-icon--w fas fa-phone\" aria-hidden=\"true\"><\/span><\/div><\/div><div class=\"vcex-icon-box-text wpex-flex-grow\"><h2 class=\"vcex-icon-box-heading wpex-heading wpex-text-md wpex-mb-10\">Service client<\/h2><div class=\"vcex-icon-box-content wpex-last-mb-0 wpex-clr\"><p>Ligne t\u00e9l\u00e9phonique fixe :<br \/>\n+41 (0)44 577 06 70<br \/>\nMobile:<br \/>\n+41 (0)79 439 07 03<br \/>\nEntreprise WhatsApp\u00a0:<br \/>\n+41 (0)44 577 06 70<br \/>\nEmail : sales(at)savis-solution.ch<\/p>\n<\/div><\/div><\/div>[\/vc_column_inner][\/vc_row_inner][\/vc_column][\/vc_row][vc_row full_width=\u00a0\u00bbstretch_row\u00a0\u00bb bg_color=\u00a0\u00bb#000000&Prime;][vc_column][vc_column_text css=\u00a0\u00bb\u00a0\u00bb]\n<h3 style=\"text-align: center;\">Un sac banane tubulaire pour l&rsquo;essentiel<\/h3>\n<h4>FlipBelt&#x2122;, la meilleure ceinture de course et de fitness au monde ! Rien ne vous g\u00eane pendant l&rsquo;entra\u00eenement et la comp\u00e9tition et pourtant vous avez toujours avec vous tout ce qui est important comme les cl\u00e9s, le t\u00e9l\u00e9phone portable, le smartphone, la musique, l&rsquo;argent, les cartes de cr\u00e9dit, les cartes d&rsquo;identit\u00e9, etc. (liste de compatibilit\u00e9) et vos mains sont libres. Que ce soit le jogging, la comp\u00e9tition, le fitness, le v\u00e9lo, la marche, le yoga, le Pilates, les voyages ou lors de la prochaine randonn\u00e9e en VTT. La solution parfaite pour un mode de vie actif !<\/h4>\n[\/vc_column_text][vc_row_inner][vc_column_inner][vc_column_text css=\u00a0\u00bb\u00a0\u00bb]\n<h3 style=\"text-align: center;\">Utilisation multiple<\/h3>\n<h4>O\u00f9 ranger vos cl\u00e9s, votre t\u00e9l\u00e9phone portable et autres objets de valeur lorsque vous courez et faites du jogging ? FlipBelt est connue pour \u00eatre la ceinture de course la plus polyvalente disponible. C&rsquo;est pourquoi il est souvent utilis\u00e9 \u00e0 la salle de sport, en voyage, \u00e0 cheval, pour transporter des appareils m\u00e9dicaux tels que des pompes \u00e0 insuline et des \u00e9pi-pen et bien d&rsquo;autres encore (liste de compatibilit\u00e9). Les options sont infinies\u00a0!<\/h4>\n[\/vc_column_text][\/vc_column_inner][\/vc_row_inner][vc_row_inner][vc_column_inner width=\u00a0\u00bb1\/3&Prime;][vc_single_image image=\u00a0\u00bb9907&Prime; onclick=\u00a0\u00bbcustom_link\u00a0\u00bb css=\u00a0\u00bb\u00a0\u00bb link=\u00a0\u00bbhttps:\/\/flipbelt.ch\/fr\/store\/\u00a0\u00bb img_hover=\u00a0\u00bbgrow\u00a0\u00bb][\/vc_column_inner][vc_column_inner width=\u00a0\u00bb1\/3&Prime;][vc_single_image image=\u00a0\u00bb9909&Prime; onclick=\u00a0\u00bbcustom_link\u00a0\u00bb css=\u00a0\u00bb\u00a0\u00bb link=\u00a0\u00bbhttps:\/\/flipbelt.ch\/fr\/store\/\u00a0\u00bb img_hover=\u00a0\u00bbgrow\u00a0\u00bb][\/vc_column_inner][vc_column_inner width=\u00a0\u00bb1\/3&Prime;][vc_single_image image=\u00a0\u00bb9911&Prime; onclick=\u00a0\u00bbcustom_link\u00a0\u00bb css=\u00a0\u00bb\u00a0\u00bb link=\u00a0\u00bbhttps:\/\/flipbelt.ch\/fr\/store\/\u00a0\u00bb img_hover=\u00a0\u00bbgrow\u00a0\u00bb][\/vc_column_inner][\/vc_row_inner][\/vc_column][\/vc_row][vc_row][vc_column][vc_column_text css=\u00a0\u00bb\u00a0\u00bb]\n<h2 style=\"text-align: center;\"><strong>EN QUOI LA FLIPBELT EST-ELLE DIFF\u00c9RENTE\u00a0?<\/strong><\/h2>\n[\/vc_column_text][\/vc_column][\/vc_row][vc_row][vc_column width=\u00a0\u00bb1\/2&Prime;][vc_column_text css=\u00a0\u00bb\u00a0\u00bb]\n<h3>COMMENT PORTER LA FLIPBELT<\/h3>\n<p>Tournez la ceinture avec les ouvertures tourn\u00e9es vers l\u2019ext\u00e9rieur pour un acc\u00e8s facile et vers l\u2019int\u00e9rieur pour une protection maximale. Il n\u2019y a pas de bonne ou de mauvaise position de port pour la FlipBelt. D\u00e9cidez comment vous souhaitez l&rsquo;investir. Essayez-le et trouvez la position id\u00e9ale.[\/vc_column_text][vc_column_text css=\u00a0\u00bb\u00a0\u00bb]\n<h3>L\u00c9G\u00c8RE COMME UNE PLUME<\/h3>\n<p>La plupart des sacs \u00e0 dos et ceintures de course ont un certain poids. Les bracelets pour t\u00e9l\u00e9phone sont assez lourds, encombrants et le mouvement est alt\u00e9r\u00e9 par le poids suppl\u00e9mentaire d&rsquo;un c\u00f4t\u00e9. En comparaison, la FlipBelt en microfibre et stretch est l\u00e9g\u00e8re comme une plume.[\/vc_column_text][\/vc_column][vc_column width=\u00a0\u00bb1\/2&Prime;][vc_column_text css=\u00a0\u00bb\u00a0\u00bb]\n<h3>NE GLISSE PAS &#8211; AJUSTEMENT COMME IL EST AJUST\u00c9<\/h3>\n<p>La FlipBelt s\u2019ajuste comme un charme \u2013 comme une seconde peau ! Ceci est utile pour le jogging rapide, le saut \u00e0 la corde ou le CrossFit. Allons courir, sauter, grimper, faire du v\u00e9lo, marcher et bien plus encore. Pas de glissement de votre t\u00e9l\u00e9phone portable, pas de cliquetis des touches. FlipBelt s&rsquo;adapte comme une seconde peau et ne glisse pas, peu importe ce que vous faites.[\/vc_column_text][vc_column_text css=\u00a0\u00bb\u00a0\u00bb]\n<h3>EXTENSIBLE<\/h3>\n<p>La FlipBelt est fabriqu\u00e9e dans un mat\u00e9riau particuli\u00e8rement extensible, ce qui lui permet de contenir un \u00e9norme smartphone ainsi que 8 \u00e0 10 barres \u00e9nerg\u00e9tiques, des petites bouteilles d&rsquo;eau, des cl\u00e9s et bien plus encore. Essayez ceci avec une autre ceinture ou un autre bracelet.[\/vc_column_text][\/vc_column][\/vc_row][vc_row][vc_column][vc_video link=\u00a0\u00bbhttps:\/\/youtu.be\/qNzsPzVZONM\u00a0\u00bb align=\u00a0\u00bbcenter\u00a0\u00bb][\/vc_column][\/vc_row][vc_row][vc_column][\/vc_column][\/vc_row]\n<\/div>","protected":false},"excerpt":{"rendered":"<p>[vc_row full_width=\u00a0\u00bbstretch_row\u00a0\u00bb][vc_column width=\u00a0\u00bb1\/5&Prime;][vc_single_image image=\u00a0\u00bb2348&Prime; add_caption=\u00a0\u00bbyes\u00a0\u00bb alignment=\u00a0\u00bbcenter\u00a0\u00bb onclick=\u00a0\u00bbcustom_link\u00a0\u00bb css=\u00a0\u00bb\u00a0\u00bb link=\u00a0\u00bbhttps:\/\/flipbelt.ch\/fr\/categorie-produit\/classic-editions\/\u00a0\u00bb img_hover=\u00a0\u00bbgrow\u00a0\u00bb title=\u00a0\u00bbClassic \u00e9ditions\u00a0\u00bb][vc_btn title=\u00a0\u00bbAchetez maintenant!\u00a0\u00bb shape=\u00a0\u00bbsquare\u00a0\u00bb color=\u00a0\u00bbsuccess\u00a0\u00bb size=\u00a0\u00bbxs\u00a0\u00bb align=\u00a0\u00bbcenter\u00a0\u00bb i_icon_fontawesome=\u00a0\u00bbfa fa-solid fa-cart-shopping\u00a0\u00bb css=\u00a0\u00bb\u00a0\u00bb button_block=\u00a0\u00bbtrue\u00a0\u00bb add_icon=\u00a0\u00bbtrue\u00a0\u00bb link=\u00a0\u00bburl:https%3A%2F%2Fflipbelt.ch%2Ffr%2Fcategorie-produit-classic-editions|title:Classic%20editions\u00a0\u00bb][vc_column_text text_align=\u00a0\u00bbcenter\u00a0\u00bb][\/vc_column_text][vc_column_text text_align=\u00a0\u00bbcenter\u00a0\u00bb][\/vc_column_text][\/vc_column][vc_column width=\u00a0\u00bb1\/5&Prime;][vc_single_image image=\u00a0\u00bb9453&Prime; alignment=\u00a0\u00bbcenter\u00a0\u00bb onclick=\u00a0\u00bbcustom_link\u00a0\u00bb css=\u00a0\u00bb\u00a0\u00bb link=\u00a0\u00bbhttps:\/\/flipbelt.ch\/fr\/categorie-produit\/zipper-editions\/\u00a0\u00bb img_hover=\u00a0\u00bbgrow\u00a0\u00bb title=\u00a0\u00bbZipper \u00e9ditions\u00a0\u00bb][vc_btn title=\u00a0\u00bbAchetez maintenant!\u00a0\u00bb shape=\u00a0\u00bbsquare\u00a0\u00bb color=\u00a0\u00bbsuccess\u00a0\u00bb size=\u00a0\u00bbxs\u00a0\u00bb align=\u00a0\u00bbcenter\u00a0\u00bb i_icon_fontawesome=\u00a0\u00bb\u00a0\u00bb css=\u00a0\u00bb\u00a0\u00bb button_block=\u00a0\u00bbtrue\u00a0\u00bb add_icon=\u00a0\u00bbtrue\u00a0\u00bb link=\u00a0\u00bburl:https%3A%2F%2Fflipbelt.ch%2Ffr%2Fcategorie-produit%2Fzipper-editions\u00a0\u00bb][vc_column_text][\/vc_column_text][\/vc_column][vc_column width=\u00a0\u00bb1\/5&Prime;][vc_single_image image=\u00a0\u00bb11114&Prime; alignment=\u00a0\u00bbcenter\u00a0\u00bb onclick=\u00a0\u00bbcustom_link\u00a0\u00bb css=\u00a0\u00bb\u00a0\u00bb title=\u00a0\u00bbPack de d\u00e9marrage\u00a0\u00bb&hellip;<\/p>\n","protected":false},"author":1,"featured_media":0,"parent":0,"menu_order":0,"comment_status":"closed","ping_status":"closed","template":"","meta":{"footnotes":""},"class_list":["post-2217","page","type-page","status-publish","hentry","entry","no-media"],"jetpack_sharing_enabled":true,"_links":{"self":[{"href":"https:\/\/flipbelt.ch\/fr\/wp-json\/wp\/v2\/pages\/2217","targetHints":{"allow":["GET"]}}],"collection":[{"href":"https:\/\/flipbelt.ch\/fr\/wp-json\/wp\/v2\/pages"}],"about":[{"href":"https:\/\/flipbelt.ch\/fr\/wp-json\/wp\/v2\/types\/page"}],"author":[{"embeddable":true,"href":"https:\/\/flipbelt.ch\/fr\/wp-json\/wp\/v2\/users\/1"}],"replies":[{"embeddable":true,"href":"https:\/\/flipbelt.ch\/fr\/wp-json\/wp\/v2\/comments?post=2217"}],"version-history":[{"count":176,"href":"https:\/\/flipbelt.ch\/fr\/wp-json\/wp\/v2\/pages\/2217\/revisions"}],"predecessor-version":[{"id":16172,"href":"https:\/\/flipbelt.ch\/fr\/wp-json\/wp\/v2\/pages\/2217\/revisions\/16172"}],"wp:attachment":[{"href":"https:\/\/flipbelt.ch\/fr\/wp-json\/wp\/v2\/media?parent=2217"}],"curies":[{"name":"wp","href":"https:\/\/api.w.org\/{rel}","templated":true}]}}