{"id":11062,"date":"2021-11-18T11:07:41","date_gmt":"2021-11-18T10:07:41","guid":{"rendered":"https:\/\/flipbelt.ch\/?page_id=11062"},"modified":"2024-11-05T14:51:11","modified_gmt":"2024-11-05T13:51:11","slug":"about-us","status":"publish","type":"page","link":"https:\/\/flipbelt.ch\/fr\/about-us\/","title":{"rendered":"About us"},"content":{"rendered":"<div class=\"wpb-content-wrapper\">[vc_row][vc_column][vc_single_image image=\u00a0\u00bb11052&Prime; alignment=\u00a0\u00bbcenter\u00a0\u00bb][\/vc_column][\/vc_row][vc_row][vc_column][vc_column_text]\n<h3 style=\"text-align: center;\">Depuis plus de 10 ans, la jeune entreprise de vente au d\u00e9tail Savis Solution GmbH vend la marque de sport am\u00e9ricaine FlipBelt en Suisse, qui a \u00e9t\u00e9 fond\u00e9e par <a href=\"https:\/\/www.levelterrain.com\/\">Level Terrain LLC<\/a>, l&rsquo;entrepreneur exp\u00e9riment\u00e9 et innovant de Boulder \/ Denver et est maintenant disponible en Asie, aux \u00c9tats-Unis, en Australie. , le Japon et l&rsquo;Europe.<\/h3>\n[\/vc_column_text][\/vc_column][\/vc_row][vc_row][vc_column width=\u00a0\u00bb1\/2&Prime;][vc_column_text]FlipBelt Suisse<br \/>\nwww.flipbelt.ch<br \/>\npowered by<\/p>\n<p>Savis Solution GmbH<br \/>\nM\u00fchlestrasse 20<br \/>\nPostfach 7<br \/>\n8124 Maur \/ Switzerland<\/p>\n<p>Managing Director: Urs Robert W\u00e4ckerlin<br \/>\nu.waeckerlin(at)savis-solution.ch<\/p>\n<p>Fixe Line: +41 (0)\u00a044 577 06 70<br \/>\nMobile: +41 (0)79 439 07 03<br \/>\nsales(at)flipbelt.ch<br \/>\nsavis(at)savis-solution.ch<\/p>\n<p><a href=\"https:\/\/flipbelt.ch\/fr\/protection-des-donnees\/\">Protection d\u00e9s donn\u00e9es<\/a>[\/vc_column_text][\/vc_column][vc_column width=\u00a0\u00bb1\/2&Prime;][vc_column_text]Fond\u00e9 10.02.2014<\/p>\n<p style=\"text-align: left;\">Registre du commerce N\u00b0: CH-330.335.292<br \/>\n10.02.2014 Canton Zurich<br \/>\nMwsT: CHE 330.335.292.MwsT<\/p>\n<p><strong>Compte postal<\/strong><br \/>\nSavis Solution GmbH, 8124 Maur<br \/>\nAccount N\u00b0 61-836644-4<br \/>\n<strong>IBAN CH20 0900 0000 6183 6644 4<\/strong><br \/>\nBIC POFICHBEXXX<\/p>\n<p><strong>Banque<\/strong><br \/>\nSavis Solution GmbH, 8124 Maur<br \/>\n<strong>Credit Suisse AG, 8610 Uster<\/strong><br \/>\nAccount N\u00b0 11969913-61<br \/>\n<strong>IBAN CH20 0483 5119 6913 6100 0<\/strong><br \/>\nBank Clearing N\u00b0 4835<br \/>\nBIC CRESCHZZ80A<\/p>\n<p><strong>PayPal<\/strong><\/p>\n<p>sales(at)savis-solution.ch<\/p>\n<p><a href=\"https:\/\/flipbelt.ch\/fr\/cgv\/\">CGV<\/a>[\/vc_column_text][\/vc_column][\/vc_row]\n<\/div>","protected":false},"excerpt":{"rendered":"<p>[vc_row][vc_column][vc_single_image image=\u00a0\u00bb11052&Prime; alignment=\u00a0\u00bbcenter\u00a0\u00bb][\/vc_column][\/vc_row][vc_row][vc_column][vc_column_text] Depuis plus de 10 ans, la jeune entreprise de vente au d\u00e9tail Savis Solution GmbH vend la marque de sport am\u00e9ricaine FlipBelt en Suisse, qui a \u00e9t\u00e9 fond\u00e9e par Level Terrain LLC, l&rsquo;entrepreneur exp\u00e9riment\u00e9 et innovant de Boulder \/ Denver et est maintenant disponible en Asie, aux \u00c9tats-Unis, en Australie. , le&hellip;<\/p>\n","protected":false},"author":2,"featured_media":0,"parent":0,"menu_order":0,"comment_status":"closed","ping_status":"closed","template":"","meta":{"footnotes":""},"class_list":["post-11062","page","type-page","status-publish","hentry","entry","no-media"],"jetpack_sharing_enabled":true,"_links":{"self":[{"href":"https:\/\/flipbelt.ch\/fr\/wp-json\/wp\/v2\/pages\/11062","targetHints":{"allow":["GET"]}}],"collection":[{"href":"https:\/\/flipbelt.ch\/fr\/wp-json\/wp\/v2\/pages"}],"about":[{"href":"https:\/\/flipbelt.ch\/fr\/wp-json\/wp\/v2\/types\/page"}],"author":[{"embeddable":true,"href":"https:\/\/flipbelt.ch\/fr\/wp-json\/wp\/v2\/users\/2"}],"replies":[{"embeddable":true,"href":"https:\/\/flipbelt.ch\/fr\/wp-json\/wp\/v2\/comments?post=11062"}],"version-history":[{"count":9,"href":"https:\/\/flipbelt.ch\/fr\/wp-json\/wp\/v2\/pages\/11062\/revisions"}],"predecessor-version":[{"id":14830,"href":"https:\/\/flipbelt.ch\/fr\/wp-json\/wp\/v2\/pages\/11062\/revisions\/14830"}],"wp:attachment":[{"href":"https:\/\/flipbelt.ch\/fr\/wp-json\/wp\/v2\/media?parent=11062"}],"curies":[{"name":"wp","href":"https:\/\/api.w.org\/{rel}","templated":true}]}}